{"id":406,"date":"2021-02-04T23:03:51","date_gmt":"2021-02-04T23:03:51","guid":{"rendered":"https:\/\/www.consejoderectores.cl\/?page_id=406"},"modified":"2024-01-15T12:34:07","modified_gmt":"2024-01-15T12:34:07","slug":"universidad-de-chile","status":"publish","type":"page","link":"https:\/\/cruch-2025.saargo.com\/en\/universidades\/universidad-de-chile\/","title":{"rendered":"University of Chile"},"content":{"rendered":"<div class=\"vce-row-container\" data-vce-boxed-width=\"true\"><div class=\"vce-row vce-row--col-gap-30 vce-row-equal-height vce-row-columns--top vce-row-content--top\" id=\"el-fcd89034\" data-vce-do-apply=\"all el-fcd89034\"><div class=\"vce-row-content\" data-vce-element-content=\"true\"><div class=\"vce-col vce-col--md-auto vce-col--xs-1 vce-col--xs-last vce-col--xs-first vce-col--sm-last vce-col--sm-first vce-col--md-last vce-col--lg-last vce-col--xl-last vce-col--md-first vce-col--lg-first vce-col--xl-first\" id=\"el-cfc5a0fe\"><div class=\"vce-col-inner\" data-vce-do-apply=\"border margin background  el-cfc5a0fe\"><div class=\"vce-col-content\" data-vce-element-content=\"true\" data-vce-do-apply=\"padding el-cfc5a0fe\"><div class=\"vce-single-image-container vce-single-image--align-left\"><div class=\"vce vce-single-image-wrapper\" id=\"el-45de4e20\" data-vce-do-apply=\"all el-45de4e20\"><figure><div class=\"vce-single-image-inner vce-single-image--absolute\" style=\"padding-bottom: 29.1667%; width: 1200px;\"><img decoding=\"async\" class=\"vce-single-image\" src=\"https:\/\/cruch-2025.saargo.com\/wp-content\/uploads\/2021\/02\/banner-u_chile.jpg\" data-img-src=\"https:\/\/cruch-2025.saargo.com\/wp-content\/uploads\/2021\/02\/banner-u_chile.jpg\" alt=\"\" title=\"banner-u_chile\"><\/div><figcaption hidden=\"\"><\/figcaption><\/figure><\/div><\/div><\/div><\/div><\/div><\/div><\/div><\/div><div class=\"vce-row-container\" data-vce-boxed-width=\"true\"><div class=\"vce-row vce-row--col-gap-30 vce-row-equal-height vce-row-columns--top vce-row-content--top\" id=\"el-4523f0b0\" data-vce-do-apply=\"all el-4523f0b0\"><div class=\"vce-row-content\" data-vce-element-content=\"true\"><div class=\"vce-col vce-col--md-auto vce-col--xs-1 vce-col--xs-last vce-col--xs-first vce-col--sm-last vce-col--sm-first vce-col--md-first vce-col--lg-first vce-col--xl-first\" id=\"el-859f70a4\"><div class=\"vce-col-inner\" data-vce-do-apply=\"border margin background  el-859f70a4\"><div class=\"vce-col-content\" data-vce-element-content=\"true\" data-vce-do-apply=\"padding el-859f70a4\"><div class=\"vce-text-block\"><div class=\"vce-text-block-wrapper vce\" id=\"el-b3f402ef\" data-vce-do-apply=\"all el-b3f402ef\"><p style=\"text-align: justify;\">The history of the University of Chile is present in every corner of the country. Founded in 1842, the creation of our House of Studies became one of the most significant milestones of the nascent Republic and has been a fundamental pillar in the construction of the Nation. Here Chile is thought and built, and the social transformations and public policies that have marked the life of the Chilean State have been generated.<\/p>\r\n<p style=\"text-align: justify;\">This Institution contributes to the country in the various areas of knowledge. Its 14 faculties, 4 Institutes, High School Academic Program, Clinical Hospital, Manuel de Salas Experimental Lyceum and the Institute of Secondary Studies are a fundamental part of the scientific, artistic and intellectual development of Chile.<\/p>\r\n<p style=\"text-align: justify;\">Its cultural institutions are made up of the most experienced artistic bodies such as the Symphonic Orchestra of Chile, the National Theater, the Chilean National Ballet, the Choir, theater and visual arts rooms, the Andr\u00e9s Bello Archive, seven museums, among which which highlights the Museum of Contemporary Art and the Museum of American Popular Art.<\/p>\r\n<p style=\"text-align: justify;\">172 years building the history of Chile, place it as the leading Institution in research and academic excellence. This is confirmed by the 2014 SCIMAGO Ranking, which places it as No. 1 in Chile and No. 10 in Latin America. And the ranking of the Jiao Tong University of Shanghai, where the House of Bello appears within the 500 best in the world.<\/p>\r\n<p style=\"text-align: justify;\">This excellence has gone hand in hand with the promotion of unwavering values: freedom of thought and expression, pluralism, tolerance and respect for diversity. Principles that characterize the entire university community, made up of students, academics, officials and graduates, who, driven by a strong social commitment, have contributed from their different settings to the development of Chile.<\/p><\/div><\/div><\/div><\/div><\/div><div class=\"vce-col vce-col--md-auto vce-col--xs-1 vce-col--xs-last vce-col--xs-first vce-col--sm-last vce-col--sm-first vce-col--md-last vce-col--lg-last vce-col--xl-last\" id=\"el-6ec4c0c1\"><div class=\"vce-col-inner\" data-vce-do-apply=\"border margin background  el-6ec4c0c1\"><div class=\"vce-col-content\" data-vce-element-content=\"true\" data-vce-do-apply=\"padding el-6ec4c0c1\"><div class=\"vce-single-image-container vce-single-image--align-center\"><div class=\"vce vce-single-image-wrapper\" id=\"el-9daa5adf\" data-vce-do-apply=\"all el-9daa5adf\"><figure><div class=\"vce-single-image-inner vce-single-image--absolute\" style=\"padding-bottom: 100%; width: 150px;\"><img loading=\"lazy\" decoding=\"async\" class=\"vce-single-image\" width=\"150\" height=\"150\" src=\"https:\/\/cruch-2025.saargo.com\/wp-content\/uploads\/2021\/02\/duo_chile-150x150.jpg\" srcset=\"https:\/\/cruch-2025.saargo.com\/wp-content\/uploads\/2021\/02\/duo_chile-320x320.jpg 320w,https:\/\/cruch-2025.saargo.com\/wp-content\/uploads\/2021\/02\/duo_chile-480x480.jpg 480w,https:\/\/cruch-2025.saargo.com\/wp-content\/uploads\/2021\/02\/duo_chile-800x800.jpg 800w,https:\/\/cruch-2025.saargo.com\/wp-content\/uploads\/2021\/02\/duo_chile-150x150.jpg 150w,https:\/\/cruch-2025.saargo.com\/wp-content\/uploads\/2021\/02\/duo_chile-300x300.jpg 2x\" data-img-src=\"https:\/\/cruch-2025.saargo.com\/wp-content\/uploads\/2021\/01\/duo_chile.jpg\" alt=\"\" title=\"duo_chile\" \/><\/div><figcaption hidden=\"\"><\/figcaption><\/figure><\/div><\/div><div class=\"vce-text-block\"><div class=\"vce-text-block-wrapper vce\" id=\"el-ae772806\" data-vce-do-apply=\"all el-ae772806\"><ul class=\"uInfo\"><li style=\"text-align: center;\">Av. Libertador Bernardo O&#039;Higgins 1058, Santiago<\/li><li style=\"text-align: center;\">Phone: (56) 22978 2000<\/li><li style=\"text-align: center;\"><a href=\"http:\/\/www.uchile.cl\">www.uchile.cl<\/a><\/li><\/ul><\/div><\/div><\/div><\/div><\/div><\/div><\/div><\/div>","protected":false},"excerpt":{"rendered":"<p>La historia de la Universidad de Chile est\u00e1 presente en cada rinc\u00f3n del pa\u00eds. Fundada en el a\u00f1o 1842, la creaci\u00f3n de nuestra Casa de Estudios se convirti\u00f3 en uno [&hellip;]<\/p>","protected":false},"author":1,"featured_media":0,"parent":270,"menu_order":0,"comment_status":"closed","ping_status":"closed","template":"page-header.php","meta":{"_acf_changed":false,"footnotes":""},"class_list":["post-406","page","type-page","status-publish","hentry"],"acf":[],"yoast_head":"<!-- This site is optimized with the Yoast SEO plugin v22.8 - https:\/\/yoast.com\/wordpress\/plugins\/seo\/ -->\n<title>Universidad de Chile - Consejo de Rectoras y Rectores de las Universidades Chilenas<\/title>\n<meta name=\"robots\" content=\"index, follow, max-snippet:-1, max-image-preview:large, max-video-preview:-1\" \/>\n<link rel=\"canonical\" href=\"https:\/\/cruch-2025.saargo.com\/en\/universidades\/universidad-de-chile\/\" \/>\n<meta property=\"og:locale\" content=\"en_US\" \/>\n<meta property=\"og:type\" content=\"article\" \/>\n<meta property=\"og:title\" content=\"Universidad de Chile - Consejo de Rectoras y Rectores de las Universidades Chilenas\" \/>\n<meta property=\"og:description\" content=\"La historia de la Universidad de Chile est\u00e1 presente en cada rinc\u00f3n del pa\u00eds. Fundada en el a\u00f1o 1842, la creaci\u00f3n de nuestra Casa de Estudios se convirti\u00f3 en uno [&hellip;]\" \/>\n<meta property=\"og:url\" content=\"https:\/\/cruch-2025.saargo.com\/en\/universidades\/universidad-de-chile\/\" \/>\n<meta property=\"og:site_name\" content=\"Consejo de Rectoras y Rectores de las Universidades Chilenas\" \/>\n<meta property=\"article:modified_time\" content=\"2024-01-15T12:34:07+00:00\" \/>\n<meta name=\"twitter:card\" content=\"summary_large_image\" \/>\n<meta name=\"twitter:site\" content=\"@CRUCH_cl\" \/>\n<meta name=\"twitter:label1\" content=\"Est. reading time\" \/>\n\t<meta name=\"twitter:data1\" content=\"2 minutes\" \/>\n<script type=\"application\/ld+json\" class=\"yoast-schema-graph\">{\"@context\":\"https:\/\/schema.org\",\"@graph\":[{\"@type\":\"WebPage\",\"@id\":\"https:\/\/cruch-2025.saargo.com\/universidades\/universidad-de-chile\/\",\"url\":\"https:\/\/cruch-2025.saargo.com\/universidades\/universidad-de-chile\/\",\"name\":\"Universidad de Chile - Consejo de Rectoras y Rectores de las Universidades Chilenas\",\"isPartOf\":{\"@id\":\"https:\/\/cruch-2025.saargo.com\/#website\"},\"datePublished\":\"2021-02-04T23:03:51+00:00\",\"dateModified\":\"2024-01-15T12:34:07+00:00\",\"breadcrumb\":{\"@id\":\"https:\/\/cruch-2025.saargo.com\/universidades\/universidad-de-chile\/#breadcrumb\"},\"inLanguage\":\"en-US\",\"potentialAction\":[{\"@type\":\"ReadAction\",\"target\":[\"https:\/\/cruch-2025.saargo.com\/universidades\/universidad-de-chile\/\"]}]},{\"@type\":\"BreadcrumbList\",\"@id\":\"https:\/\/cruch-2025.saargo.com\/universidades\/universidad-de-chile\/#breadcrumb\",\"itemListElement\":[{\"@type\":\"ListItem\",\"position\":1,\"name\":\"Home\",\"item\":\"https:\/\/cruch-2025.saargo.com\/\"},{\"@type\":\"ListItem\",\"position\":2,\"name\":\"Universidades\",\"item\":\"https:\/\/cruch-2025.saargo.com\/universidades\/\"},{\"@type\":\"ListItem\",\"position\":3,\"name\":\"Universidad de Chile\"}]},{\"@type\":\"WebSite\",\"@id\":\"https:\/\/cruch-2025.saargo.com\/#website\",\"url\":\"https:\/\/cruch-2025.saargo.com\/\",\"name\":\"Consejo de Rectoras y Rectores de las Universidades Chilenas\",\"description\":\"\",\"publisher\":{\"@id\":\"https:\/\/cruch-2025.saargo.com\/#organization\"},\"potentialAction\":[{\"@type\":\"SearchAction\",\"target\":{\"@type\":\"EntryPoint\",\"urlTemplate\":\"https:\/\/cruch-2025.saargo.com\/?s={search_term_string}\"},\"query-input\":\"required name=search_term_string\"}],\"inLanguage\":\"en-US\"},{\"@type\":\"Organization\",\"@id\":\"https:\/\/cruch-2025.saargo.com\/#organization\",\"name\":\"Consejo de Rectoras y Rectores de las Universidades Chilenas\",\"url\":\"https:\/\/cruch-2025.saargo.com\/\",\"logo\":{\"@type\":\"ImageObject\",\"inLanguage\":\"en-US\",\"@id\":\"https:\/\/cruch-2025.saargo.com\/#\/schema\/logo\/image\/\",\"url\":\"https:\/\/cruch-2025.saargo.com\/wp-content\/uploads\/2025\/12\/logoheader_2025.png\",\"contentUrl\":\"https:\/\/cruch-2025.saargo.com\/wp-content\/uploads\/2025\/12\/logoheader_2025.png\",\"width\":666,\"height\":305,\"caption\":\"Consejo de Rectoras y Rectores de las Universidades Chilenas\"},\"image\":{\"@id\":\"https:\/\/cruch-2025.saargo.com\/#\/schema\/logo\/image\/\"},\"sameAs\":[\"https:\/\/x.com\/CRUCH_cl\",\"https:\/\/www.instagram.com\/consejoderectores\/\",\"https:\/\/www.linkedin.com\/company\/cruch\/\",\"https:\/\/www.youtube.com\/channel\/UCzgIFRCsDlKoFpimiQmEaOA\"]}]}<\/script>\n<!-- \/ Yoast SEO plugin. -->","yoast_head_json":{"title":"Universidad de Chile - Consejo de Rectoras y Rectores de las Universidades Chilenas","robots":{"index":"index","follow":"follow","max-snippet":"max-snippet:-1","max-image-preview":"max-image-preview:large","max-video-preview":"max-video-preview:-1"},"canonical":"https:\/\/cruch-2025.saargo.com\/en\/universidades\/universidad-de-chile\/","og_locale":"en_US","og_type":"article","og_title":"Universidad de Chile - Consejo de Rectoras y Rectores de las Universidades Chilenas","og_description":"La historia de la Universidad de Chile est\u00e1 presente en cada rinc\u00f3n del pa\u00eds. Fundada en el a\u00f1o 1842, la creaci\u00f3n de nuestra Casa de Estudios se convirti\u00f3 en uno [&hellip;]","og_url":"https:\/\/cruch-2025.saargo.com\/en\/universidades\/universidad-de-chile\/","og_site_name":"Consejo de Rectoras y Rectores de las Universidades Chilenas","article_modified_time":"2024-01-15T12:34:07+00:00","twitter_card":"summary_large_image","twitter_site":"@CRUCH_cl","twitter_misc":{"Est. reading time":"2 minutes"},"schema":{"@context":"https:\/\/schema.org","@graph":[{"@type":"WebPage","@id":"https:\/\/cruch-2025.saargo.com\/universidades\/universidad-de-chile\/","url":"https:\/\/cruch-2025.saargo.com\/universidades\/universidad-de-chile\/","name":"Universidad de Chile - Consejo de Rectoras y Rectores de las Universidades Chilenas","isPartOf":{"@id":"https:\/\/cruch-2025.saargo.com\/#website"},"datePublished":"2021-02-04T23:03:51+00:00","dateModified":"2024-01-15T12:34:07+00:00","breadcrumb":{"@id":"https:\/\/cruch-2025.saargo.com\/universidades\/universidad-de-chile\/#breadcrumb"},"inLanguage":"en-US","potentialAction":[{"@type":"ReadAction","target":["https:\/\/cruch-2025.saargo.com\/universidades\/universidad-de-chile\/"]}]},{"@type":"BreadcrumbList","@id":"https:\/\/cruch-2025.saargo.com\/universidades\/universidad-de-chile\/#breadcrumb","itemListElement":[{"@type":"ListItem","position":1,"name":"Home","item":"https:\/\/cruch-2025.saargo.com\/"},{"@type":"ListItem","position":2,"name":"Universidades","item":"https:\/\/cruch-2025.saargo.com\/universidades\/"},{"@type":"ListItem","position":3,"name":"Universidad de Chile"}]},{"@type":"WebSite","@id":"https:\/\/cruch-2025.saargo.com\/#website","url":"https:\/\/cruch-2025.saargo.com\/","name":"Consejo de Rectoras y Rectores de las Universidades Chilenas","description":"","publisher":{"@id":"https:\/\/cruch-2025.saargo.com\/#organization"},"potentialAction":[{"@type":"SearchAction","target":{"@type":"EntryPoint","urlTemplate":"https:\/\/cruch-2025.saargo.com\/?s={search_term_string}"},"query-input":"required name=search_term_string"}],"inLanguage":"en-US"},{"@type":"Organization","@id":"https:\/\/cruch-2025.saargo.com\/#organization","name":"Consejo de Rectoras y Rectores de las Universidades Chilenas","url":"https:\/\/cruch-2025.saargo.com\/","logo":{"@type":"ImageObject","inLanguage":"en-US","@id":"https:\/\/cruch-2025.saargo.com\/#\/schema\/logo\/image\/","url":"https:\/\/cruch-2025.saargo.com\/wp-content\/uploads\/2025\/12\/logoheader_2025.png","contentUrl":"https:\/\/cruch-2025.saargo.com\/wp-content\/uploads\/2025\/12\/logoheader_2025.png","width":666,"height":305,"caption":"Consejo de Rectoras y Rectores de las Universidades Chilenas"},"image":{"@id":"https:\/\/cruch-2025.saargo.com\/#\/schema\/logo\/image\/"},"sameAs":["https:\/\/x.com\/CRUCH_cl","https:\/\/www.instagram.com\/consejoderectores\/","https:\/\/www.linkedin.com\/company\/cruch\/","https:\/\/www.youtube.com\/channel\/UCzgIFRCsDlKoFpimiQmEaOA"]}]}},"_links":{"self":[{"href":"https:\/\/cruch-2025.saargo.com\/en\/wp-json\/wp\/v2\/pages\/406","targetHints":{"allow":["GET"]}}],"collection":[{"href":"https:\/\/cruch-2025.saargo.com\/en\/wp-json\/wp\/v2\/pages"}],"about":[{"href":"https:\/\/cruch-2025.saargo.com\/en\/wp-json\/wp\/v2\/types\/page"}],"author":[{"embeddable":true,"href":"https:\/\/cruch-2025.saargo.com\/en\/wp-json\/wp\/v2\/users\/1"}],"replies":[{"embeddable":true,"href":"https:\/\/cruch-2025.saargo.com\/en\/wp-json\/wp\/v2\/comments?post=406"}],"version-history":[{"count":2,"href":"https:\/\/cruch-2025.saargo.com\/en\/wp-json\/wp\/v2\/pages\/406\/revisions"}],"predecessor-version":[{"id":409,"href":"https:\/\/cruch-2025.saargo.com\/en\/wp-json\/wp\/v2\/pages\/406\/revisions\/409"}],"up":[{"embeddable":true,"href":"https:\/\/cruch-2025.saargo.com\/en\/wp-json\/wp\/v2\/pages\/270"}],"wp:attachment":[{"href":"https:\/\/cruch-2025.saargo.com\/en\/wp-json\/wp\/v2\/media?parent=406"}],"curies":[{"name":"wp","href":"https:\/\/api.w.org\/{rel}","templated":true}]}}