{"id":22,"date":"2020-11-17T23:44:54","date_gmt":"2020-11-17T23:44:54","guid":{"rendered":"https:\/\/www.consejoderectores.cl\/?page_id=22"},"modified":"2024-03-27T21:12:30","modified_gmt":"2024-03-27T21:12:30","slug":"contacto","status":"publish","type":"page","link":"https:\/\/cruch-2025.saargo.com\/en\/contacto\/","title":{"rendered":"Contact"},"content":{"rendered":"<div class=\"vce-row-container\" data-vce-boxed-width=\"true\"><div class=\"vce-row vce-row--col-gap-30 vce-row-equal-height vce-row-content--top\" id=\"el-84dbcf69\" data-vce-do-apply=\"all el-84dbcf69\"><div class=\"vce-row-content\" data-vce-element-content=\"true\"><div class=\"vce-col vce-col--md-55p vce-col--xs-1 vce-col--xs-last vce-col--xs-first vce-col--sm-last vce-col--sm-first vce-col--md-first vce-col--lg-first vce-col--xl-first\" id=\"el-3b0cdb1e\"><div class=\"vce-col-inner\" data-vce-do-apply=\"border margin background  el-3b0cdb1e\"><div class=\"vce-col-content\" data-vce-element-content=\"true\" data-vce-do-apply=\"padding el-3b0cdb1e\"><div class=\"vce-raw-html\"><div class=\"vce-raw-html-wrapper\" id=\"el-b126060c\" data-vce-do-apply=\"all el-b126060c\"><p>El Consejo de Rectoras y Rectores de las Universidades Chilenas cuenta con una oficina ubicada en Alameda N\u00b0 1371, piso 4, Santiago Centro (Secretar\u00eda Ejecutiva). Nuestro horario de atenci\u00f3n al p\u00fablico es de lunes a jueves de 9:00 a 13:00 horas y de 15:00 a 17:00 horas, y el viernes de 9:00 a 13:00 horas.<\/p>\n\n<p>Si necesita contactarse con la Secretar\u00eda General del Consejo de Rectoras y Rectores puede llenar el siguiente formulario y a la brevedad nos pondremos en contacto con usted.<\/p>\n\n<div class=\"content-mapa\">\n\n<div class=\"contact-info\">\n\t<h5>Contact information<\/h5>\n\t<ul>\n\t\t<li><i class=\"fas fa-map-marker-alt\"><\/i> <span>Alameda 1371, 4th floor.\n\t\t<br>Santiago de Chile<\/span><\/li>\n\t\t<li><i class=\"fas fa-phone-alt\"><\/i> <a href=\"tel:+5622468620\" target=\"_blank\" rel=\"noopener\">(+56 2) 2426 8620<\/a><\/li>\n\t\t<li><i class=\"fas fa-envelope\"><\/i> <a href=\"mailto:cruch@consejoderectores.cl\" target=\"_blank\" rel=\"noopener\">cruch@consejoderectores.cl<\/a><\/li>\n\t<\/ul>\n<\/div>\n<iframe loading=\"lazy\" style=\"border: 0;\" tabindex=\"0\" src=\"https:\/\/www.google.com\/maps\/embed?pb=!1m14!1m8!1m3!1d13316.736527779605!2d-70.655327!3d-33.444509!3m2!1i1024!2i768!4f13.1!3m3!1m2!1s0x9662c5a7b311ccff%3A0x64747cbdb1aea3ae!2sAv%20Libertador%20Bernardo%20O'Higgins%201371%2C%20Santiago%2C%20Regi%C3%B3n%20Metropolitana!5e0!3m2!1ses-419!2scl!4v1607087311282!5m2!1ses-419!2scl\" width=\"100%\" height=\"400\" frameborder=\"0\" allowfullscreen=\"allowfullscreen\" aria-hidden=\"false\"><\/iframe>\n<\/div><\/div><\/div><\/div><\/div><\/div><div class=\"vce-col vce-col--md-45p vce-col--xs-1 vce-col--xs-last vce-col--xs-first vce-col--sm-last vce-col--sm-first vce-col--md-last vce-col--lg-last vce-col--xl-last\" id=\"el-94138cea\"><div class=\"vce-col-inner\" data-vce-do-apply=\"border margin background  el-94138cea\"><div class=\"vce-col-content\" data-vce-element-content=\"true\" data-vce-do-apply=\"padding el-94138cea\"><div class=\"vce-raw-html\"><div class=\"vce-raw-html-wrapper\" id=\"el-d9a66110\" data-vce-do-apply=\"all el-d9a66110\"><h5 class=\"module-title dash-title\">Informaci\u00f3n de contacto<\/h5><\/div><\/div><div class=\"vce-shortcode contact-form\"><div class=\"vce-shortcode-wrapper vce\" id=\"el-0c0e9240\" data-vce-do-apply=\"all el-0c0e9240\">    <form id=\"contact-form\" action=\"#\" method=\"post\" data-trp-original-action=\"#\">\n        <div class=\"row\">\n            <div class=\"col-md-6\">\n                <label>Nombre *<\/label>\n                <input  class=\"form-control control-name\" type=\"text\" name=\"nombre\" placeholder=\"Nombre\" required>\n            <\/div>\n            <div class=\"col-md-6\">\n                <label>Apellido *<\/label>\n                <input  class=\"form-control control-apellido\" type=\"text\" name=\"apellido\" placeholder=\"Apellido\" required>\n            <\/div>\n        <\/div>\n        <div class=\"row\">\n            <div class=\"col-md-12\">\n                <label>Email *<\/label>\n                <input  class=\"form-control control-email\" type=\"email\" name=\"email\" placeholder=\"Email\" required>\n            <\/div>\n        <\/div>\n        <div class=\"row\">\n            <div class=\"col-md-12\">\n                <label>Asunto *<\/label>\n                <input  class=\"form-control control-asunto\" type=\"text\" name=\"asunto\" placeholder=\"Affair\" required>\n            <\/div>\n        <\/div>\n         <div class=\"row\">\n            <div class=\"col-md-12\">\n                <label>Mensaje *<\/label>\n                <textarea  class=\"form-control control-mensaje\" name=\"mensaje\" placeholder=\"Message\" required><\/textarea>\n            <\/div>\n        <\/div>\n         <div class=\"row\">\n            <div class=\"col-md-12\">\n                  <input type=\"hidden\" name=\"recaptcha_response\" class=\"recaptcha-response\">\n                 <button class=\"btn btn-primary btn-submit\" id=\"btn_enviar\" type=\"submit\">Contact us<\/button>\n            <\/div>\n        <\/div>\n\n       \n    <input type=\"hidden\" name=\"trp-form-language\" value=\"en\"\/><\/form>\n    <div id=\"contact-response\"><\/div>\n    <script>\n        jQuery(document).ready(function($) {\n            $('#contact-form').submit(function(e) {\n                \n                $('#btn_enviar').html('Enviando datos...').prop('disabled',true);\n                \n                e.preventDefault();\n                var formData = $(this).serialize();\n                $.ajax({\n                    type: 'POST',\n                    url: 'https:\/\/cruch-2025.saargo.com\/wp-admin\/admin-ajax.php',\n                    data: 'action=submit_contact_form&' + formData,\n                    success: function(response) {\n                        $('#contact-response').html(response);\n                        $('#contact-form')[0].reset();\n                         $('.btn-submit').html('Cont\u00e1ctanos').prop('disabled',false);\n                    }\n                });\n            });\n        });\n    <\/script>\n    <\/div><\/div><\/div><\/div><\/div><\/div><\/div><\/div>","protected":false},"excerpt":{"rendered":"<p>El Consejo de Rectoras y Rectores de las Universidades Chilenas cuenta con una oficina ubicada en Alameda N\u00b0 1371, piso 4, Santiago Centro (Secretar\u00eda Ejecutiva). Nuestro horario de atenci\u00f3n al [&hellip;]<\/p>","protected":false},"author":1,"featured_media":0,"parent":0,"menu_order":0,"comment_status":"closed","ping_status":"closed","template":"page-header.php","meta":{"_acf_changed":false,"footnotes":""},"class_list":["post-22","page","type-page","status-publish","hentry"],"acf":[],"yoast_head":"<!-- This site is optimized with the Yoast SEO plugin v22.8 - https:\/\/yoast.com\/wordpress\/plugins\/seo\/ -->\n<title>Contacto - Consejo de Rectoras y Rectores de las Universidades Chilenas<\/title>\n<meta name=\"robots\" content=\"index, follow, max-snippet:-1, max-image-preview:large, max-video-preview:-1\" \/>\n<link rel=\"canonical\" href=\"https:\/\/cruch-2025.saargo.com\/en\/contacto\/\" \/>\n<meta property=\"og:locale\" content=\"en_US\" \/>\n<meta property=\"og:type\" content=\"article\" \/>\n<meta property=\"og:title\" content=\"Contacto - Consejo de Rectoras y Rectores de las Universidades Chilenas\" \/>\n<meta property=\"og:description\" content=\"El Consejo de Rectoras y Rectores de las Universidades Chilenas cuenta con una oficina ubicada en Alameda N\u00b0 1371, piso 4, Santiago Centro (Secretar\u00eda Ejecutiva). Nuestro horario de atenci\u00f3n al [&hellip;]\" \/>\n<meta property=\"og:url\" content=\"https:\/\/cruch-2025.saargo.com\/en\/contacto\/\" \/>\n<meta property=\"og:site_name\" content=\"Consejo de Rectoras y Rectores de las Universidades Chilenas\" \/>\n<meta property=\"article:modified_time\" content=\"2024-03-27T21:12:30+00:00\" \/>\n<meta name=\"twitter:card\" content=\"summary_large_image\" \/>\n<meta name=\"twitter:site\" content=\"@CRUCH_cl\" \/>\n<script type=\"application\/ld+json\" class=\"yoast-schema-graph\">{\"@context\":\"https:\/\/schema.org\",\"@graph\":[{\"@type\":\"WebPage\",\"@id\":\"https:\/\/cruch-2025.saargo.com\/contacto\/\",\"url\":\"https:\/\/cruch-2025.saargo.com\/contacto\/\",\"name\":\"Contacto - Consejo de Rectoras y Rectores de las Universidades Chilenas\",\"isPartOf\":{\"@id\":\"https:\/\/cruch-2025.saargo.com\/#website\"},\"datePublished\":\"2020-11-17T23:44:54+00:00\",\"dateModified\":\"2024-03-27T21:12:30+00:00\",\"breadcrumb\":{\"@id\":\"https:\/\/cruch-2025.saargo.com\/contacto\/#breadcrumb\"},\"inLanguage\":\"en-US\",\"potentialAction\":[{\"@type\":\"ReadAction\",\"target\":[\"https:\/\/cruch-2025.saargo.com\/contacto\/\"]}]},{\"@type\":\"BreadcrumbList\",\"@id\":\"https:\/\/cruch-2025.saargo.com\/contacto\/#breadcrumb\",\"itemListElement\":[{\"@type\":\"ListItem\",\"position\":1,\"name\":\"Home\",\"item\":\"https:\/\/cruch-2025.saargo.com\/\"},{\"@type\":\"ListItem\",\"position\":2,\"name\":\"Contacto\"}]},{\"@type\":\"WebSite\",\"@id\":\"https:\/\/cruch-2025.saargo.com\/#website\",\"url\":\"https:\/\/cruch-2025.saargo.com\/\",\"name\":\"Consejo de Rectoras y Rectores de las Universidades Chilenas\",\"description\":\"\",\"publisher\":{\"@id\":\"https:\/\/cruch-2025.saargo.com\/#organization\"},\"potentialAction\":[{\"@type\":\"SearchAction\",\"target\":{\"@type\":\"EntryPoint\",\"urlTemplate\":\"https:\/\/cruch-2025.saargo.com\/?s={search_term_string}\"},\"query-input\":\"required name=search_term_string\"}],\"inLanguage\":\"en-US\"},{\"@type\":\"Organization\",\"@id\":\"https:\/\/cruch-2025.saargo.com\/#organization\",\"name\":\"Consejo de Rectoras y Rectores de las Universidades Chilenas\",\"url\":\"https:\/\/cruch-2025.saargo.com\/\",\"logo\":{\"@type\":\"ImageObject\",\"inLanguage\":\"en-US\",\"@id\":\"https:\/\/cruch-2025.saargo.com\/#\/schema\/logo\/image\/\",\"url\":\"https:\/\/cruch-2025.saargo.com\/wp-content\/uploads\/2025\/12\/logoheader_2025.png\",\"contentUrl\":\"https:\/\/cruch-2025.saargo.com\/wp-content\/uploads\/2025\/12\/logoheader_2025.png\",\"width\":666,\"height\":305,\"caption\":\"Consejo de Rectoras y Rectores de las Universidades Chilenas\"},\"image\":{\"@id\":\"https:\/\/cruch-2025.saargo.com\/#\/schema\/logo\/image\/\"},\"sameAs\":[\"https:\/\/x.com\/CRUCH_cl\",\"https:\/\/www.instagram.com\/consejoderectores\/\",\"https:\/\/www.linkedin.com\/company\/cruch\/\",\"https:\/\/www.youtube.com\/channel\/UCzgIFRCsDlKoFpimiQmEaOA\"]}]}<\/script>\n<!-- \/ Yoast SEO plugin. -->","yoast_head_json":{"title":"Contacto - Consejo de Rectoras y Rectores de las Universidades Chilenas","robots":{"index":"index","follow":"follow","max-snippet":"max-snippet:-1","max-image-preview":"max-image-preview:large","max-video-preview":"max-video-preview:-1"},"canonical":"https:\/\/cruch-2025.saargo.com\/en\/contacto\/","og_locale":"en_US","og_type":"article","og_title":"Contacto - Consejo de Rectoras y Rectores de las Universidades Chilenas","og_description":"El Consejo de Rectoras y Rectores de las Universidades Chilenas cuenta con una oficina ubicada en Alameda N\u00b0 1371, piso 4, Santiago Centro (Secretar\u00eda Ejecutiva). Nuestro horario de atenci\u00f3n al [&hellip;]","og_url":"https:\/\/cruch-2025.saargo.com\/en\/contacto\/","og_site_name":"Consejo de Rectoras y Rectores de las Universidades Chilenas","article_modified_time":"2024-03-27T21:12:30+00:00","twitter_card":"summary_large_image","twitter_site":"@CRUCH_cl","schema":{"@context":"https:\/\/schema.org","@graph":[{"@type":"WebPage","@id":"https:\/\/cruch-2025.saargo.com\/contacto\/","url":"https:\/\/cruch-2025.saargo.com\/contacto\/","name":"Contacto - Consejo de Rectoras y Rectores de las Universidades Chilenas","isPartOf":{"@id":"https:\/\/cruch-2025.saargo.com\/#website"},"datePublished":"2020-11-17T23:44:54+00:00","dateModified":"2024-03-27T21:12:30+00:00","breadcrumb":{"@id":"https:\/\/cruch-2025.saargo.com\/contacto\/#breadcrumb"},"inLanguage":"en-US","potentialAction":[{"@type":"ReadAction","target":["https:\/\/cruch-2025.saargo.com\/contacto\/"]}]},{"@type":"BreadcrumbList","@id":"https:\/\/cruch-2025.saargo.com\/contacto\/#breadcrumb","itemListElement":[{"@type":"ListItem","position":1,"name":"Home","item":"https:\/\/cruch-2025.saargo.com\/"},{"@type":"ListItem","position":2,"name":"Contacto"}]},{"@type":"WebSite","@id":"https:\/\/cruch-2025.saargo.com\/#website","url":"https:\/\/cruch-2025.saargo.com\/","name":"Consejo de Rectoras y Rectores de las Universidades Chilenas","description":"","publisher":{"@id":"https:\/\/cruch-2025.saargo.com\/#organization"},"potentialAction":[{"@type":"SearchAction","target":{"@type":"EntryPoint","urlTemplate":"https:\/\/cruch-2025.saargo.com\/?s={search_term_string}"},"query-input":"required name=search_term_string"}],"inLanguage":"en-US"},{"@type":"Organization","@id":"https:\/\/cruch-2025.saargo.com\/#organization","name":"Consejo de Rectoras y Rectores de las Universidades Chilenas","url":"https:\/\/cruch-2025.saargo.com\/","logo":{"@type":"ImageObject","inLanguage":"en-US","@id":"https:\/\/cruch-2025.saargo.com\/#\/schema\/logo\/image\/","url":"https:\/\/cruch-2025.saargo.com\/wp-content\/uploads\/2025\/12\/logoheader_2025.png","contentUrl":"https:\/\/cruch-2025.saargo.com\/wp-content\/uploads\/2025\/12\/logoheader_2025.png","width":666,"height":305,"caption":"Consejo de Rectoras y Rectores de las Universidades Chilenas"},"image":{"@id":"https:\/\/cruch-2025.saargo.com\/#\/schema\/logo\/image\/"},"sameAs":["https:\/\/x.com\/CRUCH_cl","https:\/\/www.instagram.com\/consejoderectores\/","https:\/\/www.linkedin.com\/company\/cruch\/","https:\/\/www.youtube.com\/channel\/UCzgIFRCsDlKoFpimiQmEaOA"]}]}},"_links":{"self":[{"href":"https:\/\/cruch-2025.saargo.com\/en\/wp-json\/wp\/v2\/pages\/22","targetHints":{"allow":["GET"]}}],"collection":[{"href":"https:\/\/cruch-2025.saargo.com\/en\/wp-json\/wp\/v2\/pages"}],"about":[{"href":"https:\/\/cruch-2025.saargo.com\/en\/wp-json\/wp\/v2\/types\/page"}],"author":[{"embeddable":true,"href":"https:\/\/cruch-2025.saargo.com\/en\/wp-json\/wp\/v2\/users\/1"}],"replies":[{"embeddable":true,"href":"https:\/\/cruch-2025.saargo.com\/en\/wp-json\/wp\/v2\/comments?post=22"}],"version-history":[{"count":22,"href":"https:\/\/cruch-2025.saargo.com\/en\/wp-json\/wp\/v2\/pages\/22\/revisions"}],"predecessor-version":[{"id":10493,"href":"https:\/\/cruch-2025.saargo.com\/en\/wp-json\/wp\/v2\/pages\/22\/revisions\/10493"}],"wp:attachment":[{"href":"https:\/\/cruch-2025.saargo.com\/en\/wp-json\/wp\/v2\/media?parent=22"}],"curies":[{"name":"wp","href":"https:\/\/api.w.org\/{rel}","templated":true}]}}