{"id":112,"date":"2020-12-04T11:41:37","date_gmt":"2020-12-04T11:41:37","guid":{"rendered":"https:\/\/www.consejoderectores.cl\/?page_id=112"},"modified":"2025-08-20T17:42:01","modified_gmt":"2025-08-20T17:42:01","slug":"comite-ejecutivo","status":"publish","type":"page","link":"https:\/\/cruch-2025.saargo.com\/en\/el-consejo\/comite-ejecutivo\/","title":{"rendered":"Executive committee"},"content":{"rendered":"<div class=\"vce-row-container\" data-vce-boxed-width=\"true\"><div class=\"vce-row vce-row--col-gap-30 vce-row-content--top\" id=\"el-febe0207\" data-vce-do-apply=\"all el-febe0207\"><div class=\"vce-row-content\" data-vce-element-content=\"true\"><div class=\"vce-col vce-col--md-auto vce-col--xs-1 vce-col--xs-last vce-col--xs-first vce-col--sm-last vce-col--sm-first vce-col--md-last vce-col--lg-last vce-col--xl-last vce-col--md-first vce-col--lg-first vce-col--xl-first\" id=\"el-36c61100\"><div class=\"vce-col-inner\" data-vce-do-apply=\"border margin background  el-36c61100\"><div class=\"vce-col-content\" data-vce-element-content=\"true\" data-vce-do-apply=\"padding el-36c61100\"><div class=\"vce-text-block\"><div class=\"vce-text-block-wrapper vce\" id=\"el-ad065940\" data-vce-do-apply=\"all el-ad065940\"><h4>Executive committee<\/h4>\n<p style=\"text-align: justify;\">Este comit\u00e9 asume las funciones de direcci\u00f3n del Consejo y el v\u00ednculo entre el Consejo de Rectoras y Rectores y las instituciones del sector p\u00fablico, especialmente con el Ministerio de Educaci\u00f3n. Supervisa la planificaci\u00f3n de proyectos propios del Consejo y el desarrollo de las respectivas sesiones. El Comit\u00e9 lo preside un rector titular, el Vicepresidente Ejecutivo, y est\u00e1 integrado por un rector Vicepresidente Ejecutivo Alterno, un rector representante del Consorcio de Universidades del Estado de Chile, un rector representante de las Universidades P\u00fablicas no Estatales, un rector representante de la Agrupaci\u00f3n de Universidades Regionales y otros rectores elegidos por el pleno del Consejo. Actualmente, los integrantes son:<\/p><\/div><\/div><div class=\"vce-row-container\" data-vce-boxed-width=\"true\"><div class=\"vce-row vce-row--col-gap-30 rectores-row vce-row-equal-height vce-row-content--top\" id=\"el-4b02fc55\" data-vce-do-apply=\"all el-4b02fc55\"><div class=\"vce-content-background-container\"><\/div><div class=\"vce-row-content\" data-vce-element-content=\"true\"><div class=\"vce-col vce-col--md-auto vce-col--xs-1 vce-col--xs-last vce-col--xs-first vce-col--sm-last vce-col--sm-first vce-col--md-first vce-col--lg-first vce-col--xl-first col-user\" id=\"el-7600435d\"><div class=\"vce-col-inner\" data-vce-do-apply=\"border margin background  el-7600435d\"><div class=\"vce-col-content\" data-vce-element-content=\"true\" data-vce-do-apply=\"padding el-7600435d\"><div class=\"vce-raw-html\"><div class=\"vce-raw-html-wrapper\" id=\"el-3289d2c3\" data-vce-do-apply=\"all el-3289d2c3\"><div class=\"cBox pBox\">\n<img decoding=\"async\" src=\"https:\/\/www.consejoderectores.cl\/wp-content\/uploads\/2020\/12\/tarapaca_.jpg\" alt=\"emilio rodr\u00edguez\">\n<h3>EMILIO RODR\u00cdGUEZ PONCE<\/h3>\n<h4>EXECUTIVE VICE-PRESIDENT<\/h4>\n<h6>Rector of the University of Tarapac\u00e1<\/h6>\n<\/div><\/div><\/div><\/div><\/div><\/div><div class=\"vce-col vce-col--md-auto vce-col--xs-1 vce-col--xs-last vce-col--xs-first vce-col--sm-last vce-col--sm-first col-user\" id=\"el-928fb73c\"><div class=\"vce-col-inner\" data-vce-do-apply=\"border margin background  el-928fb73c\"><div class=\"vce-col-content\" data-vce-element-content=\"true\" data-vce-do-apply=\"padding el-928fb73c\"><div class=\"vce-raw-html\"><div class=\"vce-raw-html-wrapper\" id=\"el-0d732a89\" data-vce-do-apply=\"all el-0d732a89\"><div class=\"cBox pBox\">\n<img decoding=\"async\" src=\"https:\/\/www.consejoderectores.cl\/wp-content\/uploads\/2020\/12\/conce1.jpg\" alt=\"carlos saavedra rubilar\">\n<h3>Carlos Saavedra Rubilar<\/h3>\n<h4>ALTERNATE EXECUTIVE VICE PRESIDENT<\/h4>\n<h6>Rector of the University of Concepci\u00f3n<\/h6>\n<\/div><\/div><\/div><\/div><\/div><\/div><div class=\"vce-col vce-col--md-auto vce-col--xs-1 vce-col--xs-last vce-col--xs-first vce-col--sm-last vce-col--sm-first col-user\" id=\"el-2cf68e0b\"><div class=\"vce-col-inner\" data-vce-do-apply=\"border margin background  el-2cf68e0b\"><div class=\"vce-col-content\" data-vce-element-content=\"true\" data-vce-do-apply=\"padding el-2cf68e0b\"><div class=\"vce-raw-html\"><div class=\"vce-raw-html-wrapper\" id=\"el-f424d769\" data-vce-do-apply=\"all el-f424d769\"><div class=\"cBox pBox\">\n<img decoding=\"async\" src=\"https:\/\/www.consejoderectores.cl\/wp-content\/uploads\/2021\/03\/valparaiso2.jpg\" alt=\"Osvaldo Corrales Jorquera\">\n<h3>Osvaldo Corrales Jorquera<\/h3>\n<h4>PRESIDENT CUECH<\/h4>\n<h6>Rector Universidad de Valpara\u00edso<\/h6>\n<\/div><\/div><\/div><\/div><\/div><\/div><div class=\"vce-col vce-col--md-auto vce-col--xs-1 vce-col--xs-last vce-col--xs-first vce-col--sm-last vce-col--sm-first vce-col--md-last vce-col--lg-last vce-col--xl-last\" id=\"el-f7a82188\"><div class=\"vce-col-inner\" data-vce-do-apply=\"border margin background  el-f7a82188\"><div class=\"vce-col-content\" data-vce-element-content=\"true\" data-vce-do-apply=\"padding el-f7a82188\"><div class=\"vce-raw-html\"><div class=\"vce-raw-html-wrapper\" id=\"el-52e16658\" data-vce-do-apply=\"all el-52e16658\"><div class=\"cBox pBox\">\n<img decoding=\"async\" src=\"https:\/\/cruch-2025.saargo.com\/wp-content\/uploads\/2022\/10\/card-rector-juan-yuz.jpg\" alt=\"Juan Yuz\">\n<h3>Juan Yuz Eismann<\/h3>\n<h4>PRESIDENT G9<\/h4>\n<h6>Rector of the Federico Santa Mar\u00eda Technical University<\/h6>\n<\/div><\/div><\/div><\/div><\/div><\/div><\/div><\/div><\/div><div class=\"vce-row-container\" data-vce-boxed-width=\"true\"><div class=\"vce-row vce-row--col-gap-30 rectores-row vce-row-equal-height vce-row-content--top\" id=\"el-3ffc53f3\" data-vce-do-apply=\"all el-3ffc53f3\"><div class=\"vce-content-background-container\"><\/div><div class=\"vce-row-content\" data-vce-element-content=\"true\"><div class=\"vce-col vce-col--md-auto vce-col--xs-1 vce-col--xs-last vce-col--xs-first vce-col--sm-last vce-col--sm-first vce-col--md-first vce-col--lg-first vce-col--xl-first col-user\" id=\"el-e19d9e24\"><div class=\"vce-col-inner\" data-vce-do-apply=\"border margin background  el-e19d9e24\"><div class=\"vce-col-content\" data-vce-element-content=\"true\" data-vce-do-apply=\"padding el-e19d9e24\"><div class=\"vce-raw-html\"><div class=\"vce-raw-html-wrapper\" id=\"el-d22b9cec\" data-vce-do-apply=\"all el-d22b9cec\"><div class=\"cBox pBox\">\n<img decoding=\"async\" src=\"https:\/\/www.consejoderectores.cl\/wp-content\/uploads\/2022\/08\/benito-umana-hermosilla.png \" alt=\"BENITO UMA\u00d1A HERMOSILLA \">\n<h3>Benito Uma\u00f1a Hermosilla<\/h3>\n<h4>PRESIDENT AUR<\/h4>\n<h6>Rector Universidad del B\u00edo-B\u00edo<\/h6>\n<\/div><\/div><\/div><\/div><\/div><\/div><div class=\"vce-col vce-col--md-auto vce-col--xs-1 vce-col--xs-last vce-col--xs-first vce-col--sm-last vce-col--sm-first col-user\" id=\"el-0befa600\"><div class=\"vce-col-inner\" data-vce-do-apply=\"border margin background  el-0befa600\"><div class=\"vce-col-content\" data-vce-element-content=\"true\" data-vce-do-apply=\"padding el-0befa600\"><div class=\"vce-raw-html\"><div class=\"vce-raw-html-wrapper\" id=\"el-797fcf03\" data-vce-do-apply=\"all el-797fcf03\"><div class=\"cBox pBox\">\n<img decoding=\"async\" src=\"https:\/\/cruch-2025.saargo.com\/wp-content\/uploads\/2025\/08\/Marisol-Duran-rostro.png\" alt=\"Marisol Dur\u00e1n\">\n<h3>Marisol Duran Santis<\/h3>\n<h4>REPRESENTATIVE CUECH<\/h4>\n<h6>Rectora Universidad Tecnol\u00f3gica Metropolitana<\/h6>\n<\/div><\/div><\/div><\/div><\/div><\/div><div class=\"vce-col vce-col--md-auto vce-col--xs-1 vce-col--xs-last vce-col--xs-first vce-col--sm-last vce-col--sm-first col-user\" id=\"el-0db92ba4\"><div class=\"vce-col-inner\" data-vce-do-apply=\"border margin background  el-0db92ba4\"><div class=\"vce-col-content\" data-vce-element-content=\"true\" data-vce-do-apply=\"padding el-0db92ba4\"><div class=\"vce-raw-html\"><div class=\"vce-raw-html-wrapper\" id=\"el-64cc9dcc\" data-vce-do-apply=\"all el-64cc9dcc\"><div class=\"cBox pBox\">\n<img decoding=\"async\" src=\"https:\/\/www.consejoderectores.cl\/wp-content\/uploads\/2021\/06\/Rector-Mellado-2SUBIR.jpg\" alt=\"carlos saavedra rubilar\">\n<h3>CRISTHIAN MELLADO CID<\/h3>\n<h4>G9 REPRESENTATIVE<\/h4>\n<h6>Rector Catholic University of the Holy Conception<\/h6>\n<\/div><\/div><\/div><\/div><\/div><\/div><div class=\"vce-col vce-col--md-auto vce-col--xs-1 vce-col--xs-last vce-col--xs-first vce-col--sm-last vce-col--sm-first vce-col--md-last vce-col--lg-last vce-col--xl-last\" id=\"el-4aa62c4f\"><div class=\"vce-col-inner\" data-vce-do-apply=\"border margin background  el-4aa62c4f\"><div class=\"vce-col-content\" data-vce-element-content=\"true\" data-vce-do-apply=\"padding el-4aa62c4f\"><div class=\"vce-raw-html\"><div class=\"vce-raw-html-wrapper\" id=\"el-4c9eaa85\" data-vce-do-apply=\"all el-4c9eaa85\"><div class=\"cBox pBox\">\n<img decoding=\"async\" src=\"https:\/\/www.consejoderectores.cl\/wp-content\/uploads\/2020\/12\/uandes.jpg\" alt=\"jos\u00e9 antonio guzm\u00e1n\">\n<h3>JOS\u00c9 ANTONIO GUZM\u00c1N CRUZAT<\/h3>\n<h4>REPRESENTATIVE OF UNIVERSITIES INCORPORATED ACCORDING TO LAW 21.091<\/h4>\n<h6>Rector Universidad de los Andes<\/h6>\n<\/div><\/div><\/div><\/div><\/div><\/div><\/div><\/div><\/div><\/div><\/div><\/div><\/div><\/div><\/div>","protected":false},"excerpt":{"rendered":"<p>Comit\u00e9 Ejecutivo Este comit\u00e9 asume las funciones de direcci\u00f3n del Consejo y el v\u00ednculo entre el Consejo de Rectoras y Rectores y las instituciones del sector p\u00fablico, especialmente con el [&hellip;]<\/p>","protected":false},"author":1,"featured_media":0,"parent":14,"menu_order":0,"comment_status":"closed","ping_status":"closed","template":"page-header.php","meta":{"_acf_changed":false,"footnotes":""},"class_list":["post-112","page","type-page","status-publish","hentry"],"acf":[],"yoast_head":"<!-- This site is optimized with the Yoast SEO plugin v22.8 - https:\/\/yoast.com\/wordpress\/plugins\/seo\/ -->\n<title>Comit\u00e9 Ejecutivo - Consejo de Rectoras y Rectores de las Universidades Chilenas<\/title>\n<meta name=\"robots\" content=\"index, follow, max-snippet:-1, max-image-preview:large, max-video-preview:-1\" \/>\n<link rel=\"canonical\" href=\"https:\/\/cruch-2025.saargo.com\/en\/el-consejo\/comite-ejecutivo\/\" \/>\n<meta property=\"og:locale\" content=\"en_US\" \/>\n<meta property=\"og:type\" content=\"article\" \/>\n<meta property=\"og:title\" content=\"Comit\u00e9 Ejecutivo - Consejo de Rectoras y Rectores de las Universidades Chilenas\" \/>\n<meta property=\"og:description\" content=\"Comit\u00e9 Ejecutivo Este comit\u00e9 asume las funciones de direcci\u00f3n del Consejo y el v\u00ednculo entre el Consejo de Rectoras y Rectores y las instituciones del sector p\u00fablico, especialmente con el [&hellip;]\" \/>\n<meta property=\"og:url\" content=\"https:\/\/cruch-2025.saargo.com\/en\/el-consejo\/comite-ejecutivo\/\" \/>\n<meta property=\"og:site_name\" content=\"Consejo de Rectoras y Rectores de las Universidades Chilenas\" \/>\n<meta property=\"article:modified_time\" content=\"2025-08-20T17:42:01+00:00\" \/>\n<meta property=\"og:image\" content=\"https:\/\/www.consejoderectores.cl\/wp-content\/uploads\/2020\/12\/tarapaca_.jpg\" \/>\n<meta name=\"twitter:card\" content=\"summary_large_image\" \/>\n<meta name=\"twitter:site\" content=\"@CRUCH_cl\" \/>\n<meta name=\"twitter:label1\" content=\"Est. reading time\" \/>\n\t<meta name=\"twitter:data1\" content=\"1 minute\" \/>\n<script type=\"application\/ld+json\" class=\"yoast-schema-graph\">{\"@context\":\"https:\/\/schema.org\",\"@graph\":[{\"@type\":\"WebPage\",\"@id\":\"https:\/\/cruch-2025.saargo.com\/en\/el-consejo\/comite-ejecutivo\/\",\"url\":\"https:\/\/cruch-2025.saargo.com\/en\/el-consejo\/comite-ejecutivo\/\",\"name\":\"Comit\u00e9 Ejecutivo - Consejo de Rectoras y Rectores de las Universidades Chilenas\",\"isPartOf\":{\"@id\":\"https:\/\/cruch-2025.saargo.com\/#website\"},\"primaryImageOfPage\":{\"@id\":\"https:\/\/cruch-2025.saargo.com\/en\/el-consejo\/comite-ejecutivo\/#primaryimage\"},\"image\":{\"@id\":\"https:\/\/cruch-2025.saargo.com\/en\/el-consejo\/comite-ejecutivo\/#primaryimage\"},\"thumbnailUrl\":\"https:\/\/www.consejoderectores.cl\/wp-content\/uploads\/2020\/12\/tarapaca_.jpg\",\"datePublished\":\"2020-12-04T11:41:37+00:00\",\"dateModified\":\"2025-08-20T17:42:01+00:00\",\"breadcrumb\":{\"@id\":\"https:\/\/cruch-2025.saargo.com\/en\/el-consejo\/comite-ejecutivo\/#breadcrumb\"},\"inLanguage\":\"en-US\",\"potentialAction\":[{\"@type\":\"ReadAction\",\"target\":[\"https:\/\/cruch-2025.saargo.com\/en\/el-consejo\/comite-ejecutivo\/\"]}]},{\"@type\":\"ImageObject\",\"inLanguage\":\"en-US\",\"@id\":\"https:\/\/cruch-2025.saargo.com\/en\/el-consejo\/comite-ejecutivo\/#primaryimage\",\"url\":\"https:\/\/www.consejoderectores.cl\/wp-content\/uploads\/2020\/12\/tarapaca_.jpg\",\"contentUrl\":\"https:\/\/www.consejoderectores.cl\/wp-content\/uploads\/2020\/12\/tarapaca_.jpg\"},{\"@type\":\"BreadcrumbList\",\"@id\":\"https:\/\/cruch-2025.saargo.com\/en\/el-consejo\/comite-ejecutivo\/#breadcrumb\",\"itemListElement\":[{\"@type\":\"ListItem\",\"position\":1,\"name\":\"Home\",\"item\":\"https:\/\/cruch-2025.saargo.com\/\"},{\"@type\":\"ListItem\",\"position\":2,\"name\":\"El Consejo\",\"item\":\"https:\/\/cruch-2025.saargo.com\/el-consejo\/\"},{\"@type\":\"ListItem\",\"position\":3,\"name\":\"Comit\u00e9 Ejecutivo\"}]},{\"@type\":\"WebSite\",\"@id\":\"https:\/\/cruch-2025.saargo.com\/#website\",\"url\":\"https:\/\/cruch-2025.saargo.com\/\",\"name\":\"Consejo de Rectoras y Rectores de las Universidades Chilenas\",\"description\":\"\",\"publisher\":{\"@id\":\"https:\/\/cruch-2025.saargo.com\/#organization\"},\"potentialAction\":[{\"@type\":\"SearchAction\",\"target\":{\"@type\":\"EntryPoint\",\"urlTemplate\":\"https:\/\/cruch-2025.saargo.com\/?s={search_term_string}\"},\"query-input\":\"required name=search_term_string\"}],\"inLanguage\":\"en-US\"},{\"@type\":\"Organization\",\"@id\":\"https:\/\/cruch-2025.saargo.com\/#organization\",\"name\":\"Consejo de Rectoras y Rectores de las Universidades Chilenas\",\"url\":\"https:\/\/cruch-2025.saargo.com\/\",\"logo\":{\"@type\":\"ImageObject\",\"inLanguage\":\"en-US\",\"@id\":\"https:\/\/cruch-2025.saargo.com\/#\/schema\/logo\/image\/\",\"url\":\"https:\/\/cruch-2025.saargo.com\/wp-content\/uploads\/2025\/12\/logoheader_2025.png\",\"contentUrl\":\"https:\/\/cruch-2025.saargo.com\/wp-content\/uploads\/2025\/12\/logoheader_2025.png\",\"width\":666,\"height\":305,\"caption\":\"Consejo de Rectoras y Rectores de las Universidades Chilenas\"},\"image\":{\"@id\":\"https:\/\/cruch-2025.saargo.com\/#\/schema\/logo\/image\/\"},\"sameAs\":[\"https:\/\/x.com\/CRUCH_cl\",\"https:\/\/www.instagram.com\/consejoderectores\/\",\"https:\/\/www.linkedin.com\/company\/cruch\/\",\"https:\/\/www.youtube.com\/channel\/UCzgIFRCsDlKoFpimiQmEaOA\"]}]}<\/script>\n<!-- \/ Yoast SEO plugin. -->","yoast_head_json":{"title":"Comit\u00e9 Ejecutivo - Consejo de Rectoras y Rectores de las Universidades Chilenas","robots":{"index":"index","follow":"follow","max-snippet":"max-snippet:-1","max-image-preview":"max-image-preview:large","max-video-preview":"max-video-preview:-1"},"canonical":"https:\/\/cruch-2025.saargo.com\/en\/el-consejo\/comite-ejecutivo\/","og_locale":"en_US","og_type":"article","og_title":"Comit\u00e9 Ejecutivo - Consejo de Rectoras y Rectores de las Universidades Chilenas","og_description":"Comit\u00e9 Ejecutivo Este comit\u00e9 asume las funciones de direcci\u00f3n del Consejo y el v\u00ednculo entre el Consejo de Rectoras y Rectores y las instituciones del sector p\u00fablico, especialmente con el [&hellip;]","og_url":"https:\/\/cruch-2025.saargo.com\/en\/el-consejo\/comite-ejecutivo\/","og_site_name":"Consejo de Rectoras y Rectores de las Universidades Chilenas","article_modified_time":"2025-08-20T17:42:01+00:00","og_image":[{"url":"https:\/\/www.consejoderectores.cl\/wp-content\/uploads\/2020\/12\/tarapaca_.jpg"}],"twitter_card":"summary_large_image","twitter_site":"@CRUCH_cl","twitter_misc":{"Est. reading time":"1 minute"},"schema":{"@context":"https:\/\/schema.org","@graph":[{"@type":"WebPage","@id":"https:\/\/cruch-2025.saargo.com\/en\/el-consejo\/comite-ejecutivo\/","url":"https:\/\/cruch-2025.saargo.com\/en\/el-consejo\/comite-ejecutivo\/","name":"Comit\u00e9 Ejecutivo - Consejo de Rectoras y Rectores de las Universidades Chilenas","isPartOf":{"@id":"https:\/\/cruch-2025.saargo.com\/#website"},"primaryImageOfPage":{"@id":"https:\/\/cruch-2025.saargo.com\/en\/el-consejo\/comite-ejecutivo\/#primaryimage"},"image":{"@id":"https:\/\/cruch-2025.saargo.com\/en\/el-consejo\/comite-ejecutivo\/#primaryimage"},"thumbnailUrl":"https:\/\/www.consejoderectores.cl\/wp-content\/uploads\/2020\/12\/tarapaca_.jpg","datePublished":"2020-12-04T11:41:37+00:00","dateModified":"2025-08-20T17:42:01+00:00","breadcrumb":{"@id":"https:\/\/cruch-2025.saargo.com\/en\/el-consejo\/comite-ejecutivo\/#breadcrumb"},"inLanguage":"en-US","potentialAction":[{"@type":"ReadAction","target":["https:\/\/cruch-2025.saargo.com\/en\/el-consejo\/comite-ejecutivo\/"]}]},{"@type":"ImageObject","inLanguage":"en-US","@id":"https:\/\/cruch-2025.saargo.com\/en\/el-consejo\/comite-ejecutivo\/#primaryimage","url":"https:\/\/www.consejoderectores.cl\/wp-content\/uploads\/2020\/12\/tarapaca_.jpg","contentUrl":"https:\/\/www.consejoderectores.cl\/wp-content\/uploads\/2020\/12\/tarapaca_.jpg"},{"@type":"BreadcrumbList","@id":"https:\/\/cruch-2025.saargo.com\/en\/el-consejo\/comite-ejecutivo\/#breadcrumb","itemListElement":[{"@type":"ListItem","position":1,"name":"Home","item":"https:\/\/cruch-2025.saargo.com\/"},{"@type":"ListItem","position":2,"name":"El Consejo","item":"https:\/\/cruch-2025.saargo.com\/el-consejo\/"},{"@type":"ListItem","position":3,"name":"Comit\u00e9 Ejecutivo"}]},{"@type":"WebSite","@id":"https:\/\/cruch-2025.saargo.com\/#website","url":"https:\/\/cruch-2025.saargo.com\/","name":"Consejo de Rectoras y Rectores de las Universidades Chilenas","description":"","publisher":{"@id":"https:\/\/cruch-2025.saargo.com\/#organization"},"potentialAction":[{"@type":"SearchAction","target":{"@type":"EntryPoint","urlTemplate":"https:\/\/cruch-2025.saargo.com\/?s={search_term_string}"},"query-input":"required name=search_term_string"}],"inLanguage":"en-US"},{"@type":"Organization","@id":"https:\/\/cruch-2025.saargo.com\/#organization","name":"Consejo de Rectoras y Rectores de las Universidades Chilenas","url":"https:\/\/cruch-2025.saargo.com\/","logo":{"@type":"ImageObject","inLanguage":"en-US","@id":"https:\/\/cruch-2025.saargo.com\/#\/schema\/logo\/image\/","url":"https:\/\/cruch-2025.saargo.com\/wp-content\/uploads\/2025\/12\/logoheader_2025.png","contentUrl":"https:\/\/cruch-2025.saargo.com\/wp-content\/uploads\/2025\/12\/logoheader_2025.png","width":666,"height":305,"caption":"Consejo de Rectoras y Rectores de las Universidades Chilenas"},"image":{"@id":"https:\/\/cruch-2025.saargo.com\/#\/schema\/logo\/image\/"},"sameAs":["https:\/\/x.com\/CRUCH_cl","https:\/\/www.instagram.com\/consejoderectores\/","https:\/\/www.linkedin.com\/company\/cruch\/","https:\/\/www.youtube.com\/channel\/UCzgIFRCsDlKoFpimiQmEaOA"]}]}},"_links":{"self":[{"href":"https:\/\/cruch-2025.saargo.com\/en\/wp-json\/wp\/v2\/pages\/112","targetHints":{"allow":["GET"]}}],"collection":[{"href":"https:\/\/cruch-2025.saargo.com\/en\/wp-json\/wp\/v2\/pages"}],"about":[{"href":"https:\/\/cruch-2025.saargo.com\/en\/wp-json\/wp\/v2\/types\/page"}],"author":[{"embeddable":true,"href":"https:\/\/cruch-2025.saargo.com\/en\/wp-json\/wp\/v2\/users\/1"}],"replies":[{"embeddable":true,"href":"https:\/\/cruch-2025.saargo.com\/en\/wp-json\/wp\/v2\/comments?post=112"}],"version-history":[{"count":32,"href":"https:\/\/cruch-2025.saargo.com\/en\/wp-json\/wp\/v2\/pages\/112\/revisions"}],"predecessor-version":[{"id":12975,"href":"https:\/\/cruch-2025.saargo.com\/en\/wp-json\/wp\/v2\/pages\/112\/revisions\/12975"}],"up":[{"embeddable":true,"href":"https:\/\/cruch-2025.saargo.com\/en\/wp-json\/wp\/v2\/pages\/14"}],"wp:attachment":[{"href":"https:\/\/cruch-2025.saargo.com\/en\/wp-json\/wp\/v2\/media?parent=112"}],"curies":[{"name":"wp","href":"https:\/\/api.w.org\/{rel}","templated":true}]}}